{"id":1157,"date":"2022-01-18T13:06:43","date_gmt":"2022-01-18T11:06:43","guid":{"rendered":"https:\/\/artandcolour.gr\/leistungen\/zahnbruecken-aus-zirkon\/"},"modified":"2022-01-18T13:06:44","modified_gmt":"2022-01-18T11:06:44","slug":"zahnbruecken-aus-zirkon","status":"publish","type":"page","link":"https:\/\/artandcolour.gr\/de\/leistungen\/zahnbruecken-aus-zirkon\/","title":{"rendered":"Zahnbr\u00fccken aus Zirkon"},"content":{"rendered":"\t\t<div data-elementor-type=\"wp-page\" data-elementor-id=\"1157\" class=\"elementor elementor-1157 elementor-15\" data-elementor-settings=\"[]\">\n\t\t\t\t\t\t\t<div class=\"elementor-section-wrap\">\n\t\t\t\t\t\t\t<section class=\"has_eae_slider ob-is-breaking-bad elementor-section elementor-top-section elementor-element elementor-element-300365b elementor-section-height-min-height elementor-section-items-bottom elementor-section-boxed elementor-section-height-default\" data-particle_enable=\"false\" data-particle-mobile-disabled=\"false\" data-id=\"300365b\" data-element_type=\"section\" data-settings=\"{&quot;background_background&quot;:&quot;classic&quot;,&quot;_ob_bbad_use_it&quot;:&quot;yes&quot;,&quot;_ob_bbad_sssic_use&quot;:&quot;no&quot;,&quot;_ob_glider_is_slider&quot;:&quot;no&quot;}\">\n\t\t\t\t\t\t\t<div class=\"elementor-background-overlay\"><\/div>\n\t\t\t\t\t\t\t<div class=\"elementor-container elementor-column-gap-default\">\n\t\t\t\t\t<div class=\"has_eae_slider elementor-column elementor-col-100 elementor-top-column elementor-element elementor-element-1ef2c6e\" data-id=\"1ef2c6e\" data-element_type=\"column\" data-settings=\"{&quot;_ob_bbad_is_stalker&quot;:&quot;no&quot;,&quot;_ob_teleporter_use&quot;:false,&quot;_ob_column_hoveranimator&quot;:&quot;no&quot;,&quot;_ob_column_has_pseudo&quot;:&quot;no&quot;}\">\n\t\t\t<div class=\"elementor-widget-wrap elementor-element-populated\">\n\t\t\t\t\t\t\t\t<div class=\"elementor-element elementor-element-2c35640 ob-harakiri-inherit elementor-widget elementor-widget-heading\" data-id=\"2c35640\" data-element_type=\"widget\" data-settings=\"{&quot;_ob_harakiri_writing_mode&quot;:&quot;inherit&quot;,&quot;_ob_perspektive_use&quot;:&quot;no&quot;,&quot;_ob_shadough_use&quot;:&quot;no&quot;,&quot;_ob_allow_hoveranimator&quot;:&quot;no&quot;,&quot;_ob_widget_stalker_use&quot;:&quot;no&quot;}\" data-widget_type=\"heading.default\">\n\t\t\t\t<div class=\"elementor-widget-container\">\n\t\t\t<style>\/*! elementor - v3.5.3 - 28-12-2021 *\/\n.elementor-heading-title{padding:0;margin:0;line-height:1}.elementor-widget-heading .elementor-heading-title[class*=elementor-size-]>a{color:inherit;font-size:inherit;line-height:inherit}.elementor-widget-heading .elementor-heading-title.elementor-size-small{font-size:15px}.elementor-widget-heading .elementor-heading-title.elementor-size-medium{font-size:19px}.elementor-widget-heading .elementor-heading-title.elementor-size-large{font-size:29px}.elementor-widget-heading .elementor-heading-title.elementor-size-xl{font-size:39px}.elementor-widget-heading .elementor-heading-title.elementor-size-xxl{font-size:59px}<\/style><h1 class=\"elementor-heading-title elementor-size-default\">Zahnbr\u00fccken aus Zirkon<\/h1>\t\t<\/div>\n\t\t\t\t<\/div>\n\t\t\t\t\t<\/div>\n\t\t<\/div>\n\t\t\t\t\t\t\t<\/div>\n\t\t<\/section>\n\t\t\t\t<section class=\"has_eae_slider ob-is-breaking-bad elementor-section elementor-top-section elementor-element elementor-element-94ba107 elementor-section-boxed elementor-section-height-default elementor-section-height-default\" data-particle_enable=\"false\" data-particle-mobile-disabled=\"false\" data-id=\"94ba107\" data-element_type=\"section\" data-settings=\"{&quot;_ob_bbad_use_it&quot;:&quot;yes&quot;,&quot;_ob_bbad_sssic_use&quot;:&quot;no&quot;,&quot;_ob_glider_is_slider&quot;:&quot;no&quot;}\">\n\t\t\t\t\t\t<div class=\"elementor-container elementor-column-gap-default\">\n\t\t\t\t\t<div class=\"has_eae_slider elementor-column elementor-col-100 elementor-top-column elementor-element elementor-element-2166d24\" data-id=\"2166d24\" data-element_type=\"column\" data-settings=\"{&quot;_ob_bbad_is_stalker&quot;:&quot;no&quot;,&quot;_ob_teleporter_use&quot;:false,&quot;_ob_column_hoveranimator&quot;:&quot;no&quot;,&quot;_ob_column_has_pseudo&quot;:&quot;no&quot;}\">\n\t\t\t<div class=\"elementor-widget-wrap elementor-element-populated\">\n\t\t\t\t\t\t\t\t<div class=\"elementor-element elementor-element-2e105ae ob-harakiri-inherit elementor-widget elementor-widget-text-editor\" data-id=\"2e105ae\" data-element_type=\"widget\" data-settings=\"{&quot;_ob_harakiri_writing_mode&quot;:&quot;inherit&quot;,&quot;_ob_perspektive_use&quot;:&quot;no&quot;,&quot;_ob_shadough_use&quot;:&quot;no&quot;,&quot;_ob_allow_hoveranimator&quot;:&quot;no&quot;,&quot;_ob_widget_stalker_use&quot;:&quot;no&quot;}\" data-widget_type=\"text-editor.default\">\n\t\t\t\t<div class=\"elementor-widget-container\">\n\t\t\t<style>\/*! elementor - v3.5.3 - 28-12-2021 *\/\n.elementor-widget-text-editor.elementor-drop-cap-view-stacked .elementor-drop-cap{background-color:#818a91;color:#fff}.elementor-widget-text-editor.elementor-drop-cap-view-framed .elementor-drop-cap{color:#818a91;border:3px solid;background-color:transparent}.elementor-widget-text-editor:not(.elementor-drop-cap-view-default) .elementor-drop-cap{margin-top:8px}.elementor-widget-text-editor:not(.elementor-drop-cap-view-default) .elementor-drop-cap-letter{width:1em;height:1em}.elementor-widget-text-editor .elementor-drop-cap{float:left;text-align:center;line-height:1;font-size:50px}.elementor-widget-text-editor .elementor-drop-cap-letter{display:inline-block}<\/style>\t\t\t\t<p>Zirkon ist das modernste Material im Sektor der Zahnprothesen. Es ist ein haltbares Material, das ein ausgezeichnetes \u00e4sthetisches Ergebnis gibt. Die Nutzung des Materials braucht Wissen, Erfahrung und spezielle Ausr\u00fcstung. Unsere mehrj\u00e4hrige Erfahrung in Zirkonrestaurationen seit 2004 und die Nutzung von CAD\/CAM in Fr\u00e4smaschinen von Imes-Icore 550 und 350pro gew\u00e4hrleistet ein ausgezeichnetes Ergebnis. <\/p>\n\t\t\t\t\t\t<\/div>\n\t\t\t\t<\/div>\n\t\t\t\t<div class=\"elementor-element elementor-element-2e76f04 ee-grid-columns-3 ee-grid-columns-tablet-2 ee-grid-columns-mobile-1 ee-grid-masonry-layout--columns ee-gallery-overflow-tablet--yes ee-gallery-overflow-mobile--yes ee-media-align--bottom ee-media-align--justify elementor-widget elementor-widget-gallery-extra\" data-id=\"2e76f04\" data-element_type=\"widget\" data-settings=\"{&quot;masonry_enable&quot;:&quot;yes&quot;,&quot;columns&quot;:&quot;3&quot;,&quot;columns_tablet&quot;:&quot;2&quot;,&quot;columns_mobile&quot;:&quot;1&quot;,&quot;_ob_perspektive_use&quot;:&quot;no&quot;,&quot;_ob_shadough_use&quot;:&quot;no&quot;,&quot;_ob_allow_hoveranimator&quot;:&quot;no&quot;,&quot;_ob_widget_stalker_use&quot;:&quot;no&quot;}\" data-widget_type=\"gallery-extra.default\">\n\t\t\t\t<div class=\"elementor-widget-container\">\n\t\t\t<div class=\"ee-gallery-wrapper\">\n\t\t\t<div class=\"ee-gallery ee-grid ee-grid--gallery ee-gallery__gallery\"><div class=\"ee-grid__item ee-grid__item--sizer\"><\/div><div class=\"ee-gallery__item ee-gallery__item--1 ee-grid__item\">\n\t\t\t\t<a class=\"ee-media ee-gallery__media\" data-elementor-open-lightbox=\"yes\" data-elementor-lightbox-slideshow=\"2e76f04_1157\" href=\"https:\/\/artandcolour.gr\/wp-content\/uploads\/2021\/12\/gefyres-zyrkoniou-02-min.jpg\">\n\t\t\t\t\t<div class=\"ee-media__wrapper ee-gallery__media-wrapper\"><div class=\"ee-media__thumbnail ee-gallery__media__thumbnail\">\n\t\t\t<img src=\"https:\/\/artandcolour.gr\/wp-content\/uploads\/2021\/12\/gefyres-zyrkoniou-02-min.jpg\" title=\"gefyres-zyrkoniou-02-min\" \/>\n\t\t<\/div><div class=\"ee-media__overlay ee-gallery__media__overlay\"><\/div><\/div>\n\t\t\t\t<\/a>\n\t\t\t<\/div><div class=\"ee-gallery__item ee-gallery__item--2 ee-grid__item\">\n\t\t\t\t<a class=\"ee-media ee-gallery__media\" data-elementor-open-lightbox=\"yes\" data-elementor-lightbox-slideshow=\"2e76f04_1157\" href=\"https:\/\/artandcolour.gr\/wp-content\/uploads\/2021\/12\/gefyres-zyrkoniou-01-min.jpg\">\n\t\t\t\t\t<div class=\"ee-media__wrapper ee-gallery__media-wrapper\"><div class=\"ee-media__thumbnail ee-gallery__media__thumbnail\">\n\t\t\t<img src=\"https:\/\/artandcolour.gr\/wp-content\/uploads\/2021\/12\/gefyres-zyrkoniou-01-min.jpg\" title=\"gefyres-zyrkoniou-01-min\" \/>\n\t\t<\/div><div class=\"ee-media__overlay ee-gallery__media__overlay\"><\/div><\/div>\n\t\t\t\t<\/a>\n\t\t\t<\/div><div class=\"ee-gallery__item ee-gallery__item--3 ee-grid__item\">\n\t\t\t\t<a class=\"ee-media ee-gallery__media\" data-elementor-open-lightbox=\"yes\" data-elementor-lightbox-slideshow=\"2e76f04_1157\" href=\"https:\/\/artandcolour.gr\/wp-content\/uploads\/2021\/12\/gefyres_zirkoniou.jpg\">\n\t\t\t\t\t<div class=\"ee-media__wrapper ee-gallery__media-wrapper\"><div class=\"ee-media__thumbnail ee-gallery__media__thumbnail\">\n\t\t\t<img src=\"https:\/\/artandcolour.gr\/wp-content\/uploads\/2021\/12\/gefyres_zirkoniou.jpg\" title=\"gefyres_zirkoniou\" \/>\n\t\t<\/div><div class=\"ee-media__overlay ee-gallery__media__overlay\"><\/div><\/div>\n\t\t\t\t<\/a>\n\t\t\t<\/div><div class=\"ee-gallery__item ee-gallery__item--4 ee-grid__item\">\n\t\t\t\t<a class=\"ee-media ee-gallery__media\" data-elementor-open-lightbox=\"yes\" data-elementor-lightbox-slideshow=\"2e76f04_1157\" href=\"https:\/\/artandcolour.gr\/wp-content\/uploads\/2021\/12\/100_0985s-min.jpg\">\n\t\t\t\t\t<div class=\"ee-media__wrapper ee-gallery__media-wrapper\"><div class=\"ee-media__thumbnail ee-gallery__media__thumbnail\">\n\t\t\t<img src=\"https:\/\/artandcolour.gr\/wp-content\/uploads\/2021\/12\/100_0985s-min.jpg\" title=\"100_0985s-min\" \/>\n\t\t<\/div><div class=\"ee-media__overlay ee-gallery__media__overlay\"><\/div><\/div>\n\t\t\t\t<\/a>\n\t\t\t<\/div><div class=\"ee-gallery__item ee-gallery__item--5 ee-grid__item\">\n\t\t\t\t<a class=\"ee-media ee-gallery__media\" data-elementor-open-lightbox=\"yes\" data-elementor-lightbox-slideshow=\"2e76f04_1157\" href=\"https:\/\/artandcolour.gr\/wp-content\/uploads\/2021\/12\/100_0976s-min.jpg\">\n\t\t\t\t\t<div class=\"ee-media__wrapper ee-gallery__media-wrapper\"><div class=\"ee-media__thumbnail ee-gallery__media__thumbnail\">\n\t\t\t<img src=\"https:\/\/artandcolour.gr\/wp-content\/uploads\/2021\/12\/100_0976s-min.jpg\" title=\"100_0976s-min\" \/>\n\t\t<\/div><div class=\"ee-media__overlay ee-gallery__media__overlay\"><\/div><\/div>\n\t\t\t\t<\/a>\n\t\t\t<\/div><\/div>\n\t\t<\/div>\t\t<\/div>\n\t\t\t\t<\/div>\n\t\t\t\t\t<\/div>\n\t\t<\/div>\n\t\t\t\t\t\t\t<\/div>\n\t\t<\/section>\n\t\t\t\t\t\t<\/div>\n\t\t\t\t\t<\/div>\n\t\t","protected":false},"excerpt":{"rendered":"<p>Zahnbr\u00fccken aus Zirkon Zirkon ist das modernste Material im Sektor der Zahnprothesen. Es ist ein haltbares Material, das ein ausgezeichnetes \u00e4sthetisches Ergebnis gibt. Die Nutzung des Materials braucht Wissen, Erfahrung und spezielle Ausr\u00fcstung. Unsere mehrj\u00e4hrige Erfahrung in Zirkonrestaurationen seit 2004 und die Nutzung von CAD\/CAM in Fr\u00e4smaschinen von Imes-Icore 550 und 350pro gew\u00e4hrleistet ein ausgezeichnetes &hellip;<\/p>\n<p class=\"read-more\"> <a class=\"\" href=\"https:\/\/artandcolour.gr\/de\/leistungen\/zahnbruecken-aus-zirkon\/\"> <span class=\"screen-reader-text\">Zahnbr\u00fccken aus Zirkon<\/span> Weiterlesen &raquo;<\/a><\/p>\n","protected":false},"author":1,"featured_media":0,"parent":1155,"menu_order":0,"comment_status":"closed","ping_status":"closed","template":"","meta":{"site-sidebar-layout":"no-sidebar","site-content-layout":"page-builder","ast-main-header-display":"","ast-hfb-above-header-display":"","ast-hfb-below-header-display":"","ast-hfb-mobile-header-display":"","site-post-title":"disabled","ast-breadcrumbs-content":"disabled","ast-featured-img":"disabled","footer-sml-layout":"","theme-transparent-header-meta":"default","adv-header-id-meta":"","stick-header-meta":"","header-above-stick-meta":"","header-main-stick-meta":"","header-below-stick-meta":""},"_links":{"self":[{"href":"https:\/\/artandcolour.gr\/de\/wp-json\/wp\/v2\/pages\/1157"}],"collection":[{"href":"https:\/\/artandcolour.gr\/de\/wp-json\/wp\/v2\/pages"}],"about":[{"href":"https:\/\/artandcolour.gr\/de\/wp-json\/wp\/v2\/types\/page"}],"author":[{"embeddable":true,"href":"https:\/\/artandcolour.gr\/de\/wp-json\/wp\/v2\/users\/1"}],"replies":[{"embeddable":true,"href":"https:\/\/artandcolour.gr\/de\/wp-json\/wp\/v2\/comments?post=1157"}],"version-history":[{"count":1,"href":"https:\/\/artandcolour.gr\/de\/wp-json\/wp\/v2\/pages\/1157\/revisions"}],"predecessor-version":[{"id":1158,"href":"https:\/\/artandcolour.gr\/de\/wp-json\/wp\/v2\/pages\/1157\/revisions\/1158"}],"up":[{"embeddable":true,"href":"https:\/\/artandcolour.gr\/de\/wp-json\/wp\/v2\/pages\/1155"}],"wp:attachment":[{"href":"https:\/\/artandcolour.gr\/de\/wp-json\/wp\/v2\/media?parent=1157"}],"curies":[{"name":"wp","href":"https:\/\/api.w.org\/{rel}","templated":true}]}}